{"id":22,"date":"2017-05-31T13:41:14","date_gmt":"2017-05-31T13:41:14","guid":{"rendered":"http:\/\/www.rowa.co.at\/?page_id=22"},"modified":"2023-03-24T06:53:52","modified_gmt":"2023-03-24T06:53:52","slug":"akustik","status":"publish","type":"page","link":"https:\/\/www.rowa.co.at\/?page_id=22","title":{"rendered":"Akustik"},"content":{"rendered":"<p>Offene R\u00e4umlichkeiten in heutiger geradliniger Bauweise lassen ein helles und klares Wohnen zu.\u00a0 Optische Vorteile werden schnell durch mangelhaften Comfort ersetzt. Dies geht oftmals zu Lasten der Raumakustik.<\/p>\n<p>Das altbekannte heimelige Wohngef\u00fchl geht verloren, indem es durch dr\u00f6hnendes \u00dcberschlagen des Reflektionsschalls ersetzt wird.<\/p>\n<p><strong>ROWA schafft angenehme Raumakustik<br \/>\n<\/strong><\/p>\n<p>Je nach Anforderung wird ein System mit geeignetem Material ausgew\u00e4hlt, um eine optimale Akustik \/ Nachhallzeit f\u00fcr den jeweiligen Raum zu erreichen. Ein v\u00f6llig neues Wohngef\u00fchl &#8211; tats\u00e4chlich kaum zu glauben.<\/p>\n<p>F\u00fcr Fragen zum Thema Raumakustik stehen wir Ihnen gerne jederzeit zur Verf\u00fcgung.<\/p>\n<p><a href=\"http:\/\/www.rowa.co.at\/wp-content\/uploads\/2019\/03\/AKUSTIK_IMAGEBROSCH\u00dcRE_2019.pdf\" target=\"_blank\" rel=\"noopener\">ROWA AKUSTIK IMAGEBROSCH\u00dcRE<\/a><\/p>\n<p>&nbsp;<\/p>\n\n\t\t<!-- MasterSlider -->\n\t\t<div id=\"P_MS5979a41e303b4\" class=\"master-slider-parent msl ms-parent-id-3\"  >\n\n\t\t\t\n\t\t\t<!-- MasterSlider Main -->\n\t\t\t<div id=\"MS5979a41e303b4\" class=\"master-slider ms-skin-light-6 round-skin\" >\n\t\t\t\t \t\t\t\t \n\t\t\t\t<div  class=\"ms-slide\" data-delay=\"3\" data-fill-mode=\"fill\"  >\n\t\t\t\t\t<img src=\"http:\/\/www.rowa.co.at\/wp-content\/plugins\/master-slider\/public\/assets\/css\/blank.gif\" alt=\"\" title=\"\" data-src=\"http:\/\/www.rowa.co.at\/wp-content\/uploads\/2017\/07\/Februar-16-004_2.jpg\" \/>\n\n\n\t<div class=\"ms-thumb\" ><div class=\"ms-tab-context\"><div class=&quot;ms-tab-context&quot;><\/div><\/div>\n<\/div>\n\t\t\t\t<\/div>\n\t\t\t\t<div  class=\"ms-slide\" data-delay=\"3\" data-fill-mode=\"fill\"  >\n\t\t\t\t\t<img src=\"http:\/\/www.rowa.co.at\/wp-content\/plugins\/master-slider\/public\/assets\/css\/blank.gif\" alt=\"\" title=\"\" data-src=\"http:\/\/www.rowa.co.at\/wp-content\/uploads\/2017\/07\/Gapp-gang02_2.jpg\" \/>\n\n\n\t<div class=\"ms-thumb\" ><div class=\"ms-tab-context\"><div class=&quot;ms-tab-context&quot;><\/div><\/div>\n<\/div>\n\t\t\t\t<\/div>\n\t\t\t\t<div  class=\"ms-slide\" data-delay=\"3\" data-fill-mode=\"fill\"  >\n\t\t\t\t\t<img src=\"http:\/\/www.rowa.co.at\/wp-content\/plugins\/master-slider\/public\/assets\/css\/blank.gif\" alt=\"\" title=\"\" data-src=\"http:\/\/www.rowa.co.at\/wp-content\/uploads\/2017\/07\/Gapp-buero02_2.jpg\" \/>\n\n\n\t<div class=\"ms-thumb\" ><div class=\"ms-tab-context\"><div class=&quot;ms-tab-context&quot;><\/div><\/div>\n<\/div>\n\t\t\t\t<\/div>\n\t\t\t\t<div  class=\"ms-slide\" data-delay=\"3\" data-fill-mode=\"fill\"  >\n\t\t\t\t\t<img src=\"http:\/\/www.rowa.co.at\/wp-content\/plugins\/master-slider\/public\/assets\/css\/blank.gif\" alt=\"\" title=\"\" data-src=\"http:\/\/www.rowa.co.at\/wp-content\/uploads\/2017\/07\/Gapp-buero01_2.jpg\" \/>\n\n\n\t<div class=\"ms-thumb\" ><div class=\"ms-tab-context\"><div class=&quot;ms-tab-context&quot;><\/div><\/div>\n<\/div>\n\t\t\t\t<\/div>\n\t\t\t\t<div  class=\"ms-slide\" data-delay=\"3\" data-fill-mode=\"fill\"  >\n\t\t\t\t\t<img src=\"http:\/\/www.rowa.co.at\/wp-content\/plugins\/master-slider\/public\/assets\/css\/blank.gif\" alt=\"\" title=\"\" data-src=\"http:\/\/www.rowa.co.at\/wp-content\/uploads\/2017\/07\/Gapp-15-011_2.jpg\" \/>\n\n\n\t<div class=\"ms-thumb\" ><div class=\"ms-tab-context\"><div class=&quot;ms-tab-context&quot;><\/div><\/div>\n<\/div>\n\t\t\t\t<\/div>\n\t\t\t\t<div  class=\"ms-slide\" data-delay=\"3\" data-fill-mode=\"fill\"  >\n\t\t\t\t\t<img src=\"http:\/\/www.rowa.co.at\/wp-content\/plugins\/master-slider\/public\/assets\/css\/blank.gif\" alt=\"\" title=\"\" data-src=\"http:\/\/www.rowa.co.at\/wp-content\/uploads\/2017\/07\/Ruth-3_16-020.jpg\" \/>\n\n\n\t<div class=\"ms-thumb\" ><div class=\"ms-tab-context\"><div class=&quot;ms-tab-context&quot;><\/div><\/div>\n<\/div>\n\t\t\t\t<\/div>\n\t\t\t\t<div  class=\"ms-slide\" data-delay=\"3\" data-fill-mode=\"fill\"  >\n\t\t\t\t\t<img src=\"http:\/\/www.rowa.co.at\/wp-content\/plugins\/master-slider\/public\/assets\/css\/blank.gif\" alt=\"\" title=\"\" data-src=\"http:\/\/www.rowa.co.at\/wp-content\/uploads\/2017\/07\/P3170097.jpg\" \/>\n\n\n\t<div class=\"ms-thumb\" ><div class=\"ms-tab-context\"><div class=&quot;ms-tab-context&quot;><\/div><\/div>\n<\/div>\n\t\t\t\t<\/div>\n\t\t\t\t<div  class=\"ms-slide\" data-delay=\"3\" data-fill-mode=\"fill\"  >\n\t\t\t\t\t<img src=\"http:\/\/www.rowa.co.at\/wp-content\/plugins\/master-slider\/public\/assets\/css\/blank.gif\" alt=\"\" title=\"\" data-src=\"http:\/\/www.rowa.co.at\/wp-content\/uploads\/2017\/07\/P1290496.jpg\" \/>\n\n\n\t<div class=\"ms-thumb\" ><div class=\"ms-tab-context\"><div class=&quot;ms-tab-context&quot;><\/div><\/div>\n<\/div>\n\t\t\t\t<\/div>\n\t\t\t\t<div  class=\"ms-slide\" data-delay=\"3\" data-fill-mode=\"fill\"  >\n\t\t\t\t\t<img src=\"http:\/\/www.rowa.co.at\/wp-content\/plugins\/master-slider\/public\/assets\/css\/blank.gif\" alt=\"\" title=\"\" data-src=\"http:\/\/www.rowa.co.at\/wp-content\/uploads\/2017\/07\/P1290491.jpg\" \/>\n\n\n\t<div class=\"ms-thumb\" ><div class=\"ms-tab-context\"><div class=&quot;ms-tab-context&quot;><\/div><\/div>\n<\/div>\n\t\t\t\t<\/div>\n\t\t\t\t<div  class=\"ms-slide\" data-delay=\"3\" data-fill-mode=\"fill\"  >\n\t\t\t\t\t<img src=\"http:\/\/www.rowa.co.at\/wp-content\/plugins\/master-slider\/public\/assets\/css\/blank.gif\" alt=\"\" title=\"\" data-src=\"http:\/\/www.rowa.co.at\/wp-content\/uploads\/2017\/07\/IMG_0880.jpg\" \/>\n\n\n\t<div class=\"ms-thumb\" ><div class=\"ms-tab-context\"><div class=&quot;ms-tab-context&quot;><\/div><\/div>\n<\/div>\n\t\t\t\t<\/div>\n\t\t\t\t<div  class=\"ms-slide\" data-delay=\"3\" data-fill-mode=\"fill\"  >\n\t\t\t\t\t<img src=\"http:\/\/www.rowa.co.at\/wp-content\/plugins\/master-slider\/public\/assets\/css\/blank.gif\" alt=\"\" title=\"\" data-src=\"http:\/\/www.rowa.co.at\/wp-content\/uploads\/2017\/07\/div-Fotos-121.jpg\" \/>\n\n\n\t<div class=\"ms-thumb\" ><div class=\"ms-tab-context\"><div class=&quot;ms-tab-context&quot;><\/div><\/div>\n<\/div>\n\t\t\t\t<\/div>\n\t\t\t\t<div  class=\"ms-slide\" data-delay=\"3\" data-fill-mode=\"fill\"  >\n\t\t\t\t\t<img src=\"http:\/\/www.rowa.co.at\/wp-content\/plugins\/master-slider\/public\/assets\/css\/blank.gif\" alt=\"\" title=\"\" data-src=\"http:\/\/www.rowa.co.at\/wp-content\/uploads\/2017\/07\/April-16-018-1.jpg\" \/>\n\n\n\t<div class=\"ms-thumb\" ><div class=\"ms-tab-context\"><div class=&quot;ms-tab-context&quot;><\/div><\/div>\n<\/div>\n\t\t\t\t<\/div>\n\t\t\t\t<div  class=\"ms-slide\" data-delay=\"3\" data-fill-mode=\"fill\"  >\n\t\t\t\t\t<img src=\"http:\/\/www.rowa.co.at\/wp-content\/plugins\/master-slider\/public\/assets\/css\/blank.gif\" alt=\"\" title=\"\" data-src=\"http:\/\/www.rowa.co.at\/wp-content\/uploads\/2017\/07\/20160223_093251_2.jpg\" \/>\n\n\n\t<div class=\"ms-thumb\" ><div class=\"ms-tab-context\"><div class=&quot;ms-tab-context&quot;><\/div><\/div>\n<\/div>\n\t\t\t\t<\/div>\n\t\t\t\t<div  class=\"ms-slide\" data-delay=\"3\" data-fill-mode=\"fill\"  >\n\t\t\t\t\t<img src=\"http:\/\/www.rowa.co.at\/wp-content\/plugins\/master-slider\/public\/assets\/css\/blank.gif\" alt=\"\" title=\"\" data-src=\"http:\/\/www.rowa.co.at\/wp-content\/uploads\/2017\/07\/20140220_091051.jpg\" \/>\n\n\n\t<div class=\"ms-thumb\" ><div class=\"ms-tab-context\"><div class=&quot;ms-tab-context&quot;><\/div><\/div>\n<\/div>\n\t\t\t\t<\/div>\n\t\t\t\t<div  class=\"ms-slide\" data-delay=\"3\" data-fill-mode=\"fill\"  >\n\t\t\t\t\t<img src=\"http:\/\/www.rowa.co.at\/wp-content\/plugins\/master-slider\/public\/assets\/css\/blank.gif\" alt=\"\" title=\"\" data-src=\"http:\/\/www.rowa.co.at\/wp-content\/uploads\/2017\/07\/2015-11-04-11.38.26.jpg\" \/>\n\n\n\t<div class=\"ms-thumb\" ><div class=\"ms-tab-context\"><div class=&quot;ms-tab-context&quot;><\/div><\/div>\n<\/div>\n\t\t\t\t<\/div>\n\t\t\t\t<div  class=\"ms-slide\" data-delay=\"3\" data-fill-mode=\"fill\"  >\n\t\t\t\t\t<img src=\"http:\/\/www.rowa.co.at\/wp-content\/plugins\/master-slider\/public\/assets\/css\/blank.gif\" alt=\"\" title=\"\" data-src=\"http:\/\/www.rowa.co.at\/wp-content\/uploads\/2017\/07\/100MLT06-PICT0001_PICT0001-1.jpg\" \/>\n\n\n\t<div class=\"ms-thumb\" ><div class=\"ms-tab-context\"><div class=&quot;ms-tab-context&quot;><\/div><\/div>\n<\/div>\n\t\t\t\t<\/div>\n\t\t\t\t<div  class=\"ms-slide\" data-delay=\"3\" data-fill-mode=\"fill\"  >\n\t\t\t\t\t<img src=\"http:\/\/www.rowa.co.at\/wp-content\/plugins\/master-slider\/public\/assets\/css\/blank.gif\" alt=\"\" title=\"\" data-src=\"http:\/\/www.rowa.co.at\/wp-content\/uploads\/2017\/07\/100MLT06-PICT0004_PICT0004.jpg\" \/>\n\n\n\t<div class=\"ms-thumb\" ><div class=\"ms-tab-context\"><div class=&quot;ms-tab-context&quot;><\/div><\/div>\n<\/div>\n\t\t\t\t<\/div>\n\n\t\t\t<\/div>\n\t\t\t<!-- END MasterSlider Main -->\n\n\t\t\t \n\t\t<\/div>\n\t\t<!-- END MasterSlider -->\n\n\t\t<script>\n\t\t(function ( $ ) {\n\t\t\t\"use strict\";\n\n\t\t\t$(function () {\n\t\t\t\tvar masterslider_03b4 = new MasterSlider();\n\n\t\t\t\t\/\/ slider controls\n\t\t\t\tmasterslider_03b4.control('arrows'     ,{ autohide:true, overVideo:false , hideUnder:410 });\t\t\t\tmasterslider_03b4.control('bullets'    ,{ autohide:true, overVideo:false, dir:'h', align:'bottom' , margin:6  });\n\n\t\t\t\t\/\/ slider setup\n\t\t\t\tmasterslider_03b4.setup(\"MS5979a41e303b4\", {\n\t\t\t\t\t\twidth           : 1600,\n\t\t\t\t\t\theight          : 480,\n\t\t\t\t\t\tminHeight       : 0,\n\t\t\t\t\t\tspace           : 0,\n\t\t\t\t\t\tstart           : 1,\n\t\t\t\t\t\tgrabCursor      : true,\n\t\t\t\t\t\tswipe           : true,\n\t\t\t\t\t\tmouse           : true,\n\t\t\t\t\t\tlayout          : \"fullwidth\",\n\t\t\t\t\t\twheel           : false,\n\t\t\t\t\t\tautoplay        : true,\n\t\t\t\t\t\tinstantStartLayers:false,\n\t\t\t\t\t\tloop            : false,\n\t\t\t\t\t\tshuffle         : false,\n\t\t\t\t\t\tpreload         : 0,\n\t\t\t\t\t\theightLimit     : true,\n\t\t\t\t\t\tautoHeight      : true,\n\t\t\t\t\t\tsmoothHeight    : true,\n\t\t\t\t\t\tendPause        : false,\n\t\t\t\t\t\toverPause       : true,\n\t\t\t\t\t\tfillMode        : \"fill\",\n\t\t\t\t\t\tcenterControls  : false,\n\t\t\t\t\t\tstartOnAppear   : false,\n\t\t\t\t\t\tlayersMode      : \"center\",\n\t\t\t\t\t\thideLayers      : false,\n\t\t\t\t\t\tfullscreenMargin: 0,\n\t\t\t\t\t\tspeed           : 20,\n\t\t\t\t\t\tdir             : \"h\",\n\t\t\t\t\t\tparallaxMode    : 'swipe',\n\t\t\t\t\t\tview            : \"basic\"\n\t\t\t\t});\n\n\t\t\t\t\n\t\t\t\twindow.masterslider_instances = window.masterslider_instances || [];\n\t\t\t\twindow.masterslider_instances.push( masterslider_03b4 );\n\t\t\t });\n\n\t\t})(jQuery);\n\t\t<\/script>\n\n\n<p>&nbsp;<\/p>\n","protected":false},"excerpt":{"rendered":"<p>Offene R\u00e4umlichkeiten in heutiger geradliniger Bauweise lassen ein helles und klares Wohnen zu.\u00a0 Optische Vorteile werden schnell durch mangelhaften Comfort ersetzt. Dies geht oftmals zu Lasten der Raumakustik. Das altbekannte heimelige Wohngef\u00fchl geht verloren, indem es durch dr\u00f6hnendes \u00dcberschlagen des Reflektionsschalls ersetzt wird. ROWA schafft angenehme Raumakustik Je nach Anforderung wird ein System mit geeignetem &hellip; <\/p>\n<p class=\"link-more\"><a href=\"https:\/\/www.rowa.co.at\/?page_id=22\" class=\"more-link\"><span class=\"screen-reader-text\">\u201eAkustik\u201c<\/span> weiterlesen<\/a><\/p>\n","protected":false},"author":1,"featured_media":0,"parent":0,"menu_order":0,"comment_status":"closed","ping_status":"closed","template":"","meta":[],"_links":{"self":[{"href":"https:\/\/www.rowa.co.at\/index.php?rest_route=\/wp\/v2\/pages\/22"}],"collection":[{"href":"https:\/\/www.rowa.co.at\/index.php?rest_route=\/wp\/v2\/pages"}],"about":[{"href":"https:\/\/www.rowa.co.at\/index.php?rest_route=\/wp\/v2\/types\/page"}],"author":[{"embeddable":true,"href":"https:\/\/www.rowa.co.at\/index.php?rest_route=\/wp\/v2\/users\/1"}],"replies":[{"embeddable":true,"href":"https:\/\/www.rowa.co.at\/index.php?rest_route=%2Fwp%2Fv2%2Fcomments&post=22"}],"version-history":[{"count":17,"href":"https:\/\/www.rowa.co.at\/index.php?rest_route=\/wp\/v2\/pages\/22\/revisions"}],"predecessor-version":[{"id":305,"href":"https:\/\/www.rowa.co.at\/index.php?rest_route=\/wp\/v2\/pages\/22\/revisions\/305"}],"wp:attachment":[{"href":"https:\/\/www.rowa.co.at\/index.php?rest_route=%2Fwp%2Fv2%2Fmedia&parent=22"}],"curies":[{"name":"wp","href":"https:\/\/api.w.org\/{rel}","templated":true}]}}