{"id":28,"date":"2017-05-31T13:41:47","date_gmt":"2017-05-31T13:41:47","guid":{"rendered":"http:\/\/www.rowa.co.at\/?page_id=28"},"modified":"2017-07-10T14:32:26","modified_gmt":"2017-07-10T14:32:26","slug":"oekoputz","status":"publish","type":"page","link":"https:\/\/www.rowa.co.at\/?page_id=28","title":{"rendered":"\u00d6koputz"},"content":{"rendered":"<p>Funktionalit\u00e4t und Design auf einer Ebene, zwei Eigenschaften, die sich finden.<\/p>\n<p>Die besondere Konsistenz des \u00d6koputz erlaubt eine individuelle Gestaltung der Oberfl\u00e4che. Von mittel, fein, bis glatt stehen dem pers\u00f6nlichen Geschmack und der Kreativit\u00e4t nichts entgegen.<\/p>\n<p>Das aktive Gewebe ist antistatisch, nat\u00fcrlich (EC1 Zertifiziert \/Baubook), rissbest\u00e4ndig bis zu 2mm (siehe Verarbeitungsrichtlinien), und beeinflusst das Wohnklima sehr positiv.<\/p>\n<p>Unz\u00e4hlige Designvarianten sind durch Einf\u00e4rbung des Materials vorhanden, denn s\u00e4mtliche Farbt\u00f6ne (RAL,NCS, eigene Palette) unterst\u00fctzen die Kreativit\u00e4t in der Umsetzung.<\/p>\n<p>Das Material besteht zum Gro\u00dfteil aus Baumwolle, welche die besondere Konsistenz dieses organischen Verputzes verursacht.\u00a0 Zus\u00e4tzlich werden nat\u00fcrliche Inhaltsstoffe wie Zellulose und Kleister beigemischt um den technischen Anforderungen zu entsprechen.<\/p>\n<p>Die sorbierenden Eigenschaften des \u00d6koputzes erlauben einen sich selbst regulierenden Feuchtigkeitshaushalt (vergleichbar mit Lehm, jedoch mit einer mechanisch widerstandsf\u00e4hige Oberfl\u00e4che).<br \/>\nDas tr\u00e4ge Verhalten bei Feuchtigkeit bewirkt ein gesundes und angenehmes Wohnklima.<\/p>\n<p>Zudem ist der \u00d6koputz eine willkommene Variante zur Optimierung der Raumakustik, denn die Oberfl\u00e4che absorbiert Reflektionsschall und f\u00f6rdert einen behaglichen Aufenthalt.<\/p>\n<p>&nbsp;<\/p>\n\n\t\t<!-- MasterSlider -->\n\t\t<div id=\"P_MS598db921d7af8\" class=\"master-slider-parent msl ms-parent-id-2\"  >\n\n\t\t\t\n\t\t\t<!-- MasterSlider Main -->\n\t\t\t<div id=\"MS598db921d7af8\" class=\"master-slider ms-skin-light-6 round-skin\" >\n\t\t\t\t \t\t\t\t \n\t\t\t\t<div  class=\"ms-slide\" data-delay=\"1.5\" data-fill-mode=\"fill\"  >\n\t\t\t\t\t<img src=\"http:\/\/www.rowa.co.at\/wp-content\/plugins\/master-slider\/public\/assets\/css\/blank.gif\" alt=\"\" title=\"\" data-src=\"http:\/\/www.rowa.co.at\/wp-content\/uploads\/2017\/07\/IMG_4255_2.jpg\" \/>\n\n\n\t<div class=\"ms-thumb\" ><div class=\"ms-tab-context\"><div class=&quot;ms-tab-context&quot;><\/div><\/div>\n<\/div>\n\t\t\t\t<\/div>\n\t\t\t\t<div  class=\"ms-slide\" data-delay=\"1.5\" data-fill-mode=\"fill\"  >\n\t\t\t\t\t<img src=\"http:\/\/www.rowa.co.at\/wp-content\/plugins\/master-slider\/public\/assets\/css\/blank.gif\" alt=\"\" title=\"\" data-src=\"http:\/\/www.rowa.co.at\/wp-content\/uploads\/2017\/07\/IMG_20161219_151313_2.jpg\" \/>\n\n\n\t<div class=\"ms-thumb\" ><div class=\"ms-tab-context\"><div class=&quot;ms-tab-context&quot;><\/div><\/div>\n<\/div>\n\t\t\t\t<\/div>\n\t\t\t\t<div  class=\"ms-slide\" data-delay=\"1.5\" data-fill-mode=\"fill\"  >\n\t\t\t\t\t<img src=\"http:\/\/www.rowa.co.at\/wp-content\/plugins\/master-slider\/public\/assets\/css\/blank.gif\" alt=\"\" title=\"\" data-src=\"http:\/\/www.rowa.co.at\/wp-content\/uploads\/2017\/07\/IMG_0147.jpg\" \/>\n\n\n\t<div class=\"ms-thumb\" ><div class=\"ms-tab-context\"><div class=&quot;ms-tab-context&quot;><\/div><\/div>\n<\/div>\n\t\t\t\t<\/div>\n\t\t\t\t<div  class=\"ms-slide\" data-delay=\"1.5\" data-fill-mode=\"fill\"  >\n\t\t\t\t\t<img src=\"http:\/\/www.rowa.co.at\/wp-content\/plugins\/master-slider\/public\/assets\/css\/blank.gif\" alt=\"\" title=\"\" data-src=\"http:\/\/www.rowa.co.at\/wp-content\/uploads\/2017\/07\/IMG_0149.jpg\" \/>\n\n\n\t<div class=\"ms-thumb\" ><div class=\"ms-tab-context\"><div class=&quot;ms-tab-context&quot;><\/div><\/div>\n<\/div>\n\t\t\t\t<\/div>\n\t\t\t\t<div  class=\"ms-slide\" data-delay=\"1.5\" data-fill-mode=\"fill\"  >\n\t\t\t\t\t<img src=\"http:\/\/www.rowa.co.at\/wp-content\/plugins\/master-slider\/public\/assets\/css\/blank.gif\" alt=\"\" title=\"\" data-src=\"http:\/\/www.rowa.co.at\/wp-content\/uploads\/2017\/07\/IMG_4438.jpg\" \/>\n\n\n\t<div class=\"ms-thumb\" ><div class=\"ms-tab-context\"><div class=&quot;ms-tab-context&quot;><\/div><\/div>\n<\/div>\n\t\t\t\t<\/div>\n\t\t\t\t<div  class=\"ms-slide\" data-delay=\"3\" data-fill-mode=\"fill\"  >\n\t\t\t\t\t<img src=\"http:\/\/www.rowa.co.at\/wp-content\/plugins\/master-slider\/public\/assets\/css\/blank.gif\" alt=\"\" title=\"\" data-src=\"http:\/\/www.rowa.co.at\/wp-content\/uploads\/2017\/07\/P1300507.jpg\" \/>\n\n\n\t<div class=\"ms-thumb\" ><div class=\"ms-tab-context\"><div class=&quot;ms-tab-context&quot;><\/div><\/div>\n<\/div>\n\t\t\t\t<\/div>\n\t\t\t\t<div  class=\"ms-slide\" data-delay=\"3\" data-fill-mode=\"fill\"  >\n\t\t\t\t\t<img src=\"http:\/\/www.rowa.co.at\/wp-content\/plugins\/master-slider\/public\/assets\/css\/blank.gif\" alt=\"\" title=\"\" data-src=\"http:\/\/www.rowa.co.at\/wp-content\/uploads\/2017\/07\/P1010518.jpg\" \/>\n\n\n\t<div class=\"ms-thumb\" ><div class=\"ms-tab-context\"><div class=&quot;ms-tab-context&quot;><\/div><\/div>\n<\/div>\n\t\t\t\t<\/div>\n\t\t\t\t<div  class=\"ms-slide\" data-delay=\"3\" data-fill-mode=\"fill\"  >\n\t\t\t\t\t<img src=\"http:\/\/www.rowa.co.at\/wp-content\/plugins\/master-slider\/public\/assets\/css\/blank.gif\" alt=\"\" title=\"\" data-src=\"http:\/\/www.rowa.co.at\/wp-content\/uploads\/2017\/08\/20170807_101140_2_3.jpg\" \/>\n\n\n\t<div class=\"ms-thumb\" ><div class=\"ms-tab-context\"><div class=&quot;ms-tab-context&quot;><\/div><\/div>\n<\/div>\n\t\t\t\t<\/div>\n\t\t\t\t<div  class=\"ms-slide\" data-delay=\"3\" data-fill-mode=\"fill\"  >\n\t\t\t\t\t<img src=\"http:\/\/www.rowa.co.at\/wp-content\/plugins\/master-slider\/public\/assets\/css\/blank.gif\" alt=\"\" title=\"\" data-src=\"http:\/\/www.rowa.co.at\/wp-content\/uploads\/2017\/08\/20170807_101158_3.jpg\" \/>\n\n\n\t<div class=\"ms-thumb\" ><div class=\"ms-tab-context\"><div class=&quot;ms-tab-context&quot;><\/div><\/div>\n<\/div>\n\t\t\t\t<\/div>\n\n\t\t\t<\/div>\n\t\t\t<!-- END MasterSlider Main -->\n\n\t\t\t \n\t\t<\/div>\n\t\t<!-- END MasterSlider -->\n\n\t\t<script>\n\t\t(function ( $ ) {\n\t\t\t\"use strict\";\n\n\t\t\t$(function () {\n\t\t\t\tvar masterslider_7af8 = new MasterSlider();\n\n\t\t\t\t\/\/ slider controls\n\t\t\t\tmasterslider_7af8.control('arrows'     ,{ autohide:true, overVideo:false , hideUnder:410 });\t\t\t\tmasterslider_7af8.control('bullets'    ,{ autohide:true, overVideo:false, dir:'h', align:'bottom' , margin:6  });\n\n\t\t\t\t\/\/ slider setup\n\t\t\t\tmasterslider_7af8.setup(\"MS598db921d7af8\", {\n\t\t\t\t\t\twidth           : 1600,\n\t\t\t\t\t\theight          : 480,\n\t\t\t\t\t\tminHeight       : 0,\n\t\t\t\t\t\tspace           : 0,\n\t\t\t\t\t\tstart           : 1,\n\t\t\t\t\t\tgrabCursor      : true,\n\t\t\t\t\t\tswipe           : true,\n\t\t\t\t\t\tmouse           : true,\n\t\t\t\t\t\tlayout          : \"fullwidth\",\n\t\t\t\t\t\twheel           : false,\n\t\t\t\t\t\tautoplay        : true,\n\t\t\t\t\t\tinstantStartLayers:false,\n\t\t\t\t\t\tloop            : false,\n\t\t\t\t\t\tshuffle         : false,\n\t\t\t\t\t\tpreload         : 0,\n\t\t\t\t\t\theightLimit     : true,\n\t\t\t\t\t\tautoHeight      : true,\n\t\t\t\t\t\tsmoothHeight    : true,\n\t\t\t\t\t\tendPause        : false,\n\t\t\t\t\t\toverPause       : true,\n\t\t\t\t\t\tfillMode        : \"fill\",\n\t\t\t\t\t\tcenterControls  : false,\n\t\t\t\t\t\tstartOnAppear   : false,\n\t\t\t\t\t\tlayersMode      : \"center\",\n\t\t\t\t\t\thideLayers      : false,\n\t\t\t\t\t\tfullscreenMargin: 0,\n\t\t\t\t\t\tspeed           : 20,\n\t\t\t\t\t\tdir             : \"h\",\n\t\t\t\t\t\tparallaxMode    : 'swipe',\n\t\t\t\t\t\tview            : \"basic\"\n\t\t\t\t});\n\n\t\t\t\t\n\t\t\t\twindow.masterslider_instances = window.masterslider_instances || [];\n\t\t\t\twindow.masterslider_instances.push( masterslider_7af8 );\n\t\t\t });\n\n\t\t})(jQuery);\n\t\t<\/script>\n\n\n","protected":false},"excerpt":{"rendered":"<p>Funktionalit\u00e4t und Design auf einer Ebene, zwei Eigenschaften, die sich finden. Die besondere Konsistenz des \u00d6koputz erlaubt eine individuelle Gestaltung der Oberfl\u00e4che. Von mittel, fein, bis glatt stehen dem pers\u00f6nlichen Geschmack und der Kreativit\u00e4t nichts entgegen. Das aktive Gewebe ist antistatisch, nat\u00fcrlich (EC1 Zertifiziert \/Baubook), rissbest\u00e4ndig bis zu 2mm (siehe Verarbeitungsrichtlinien), und beeinflusst das Wohnklima &hellip; <\/p>\n<p class=\"link-more\"><a href=\"https:\/\/www.rowa.co.at\/?page_id=28\" class=\"more-link\"><span class=\"screen-reader-text\">\u201e\u00d6koputz\u201c<\/span> weiterlesen<\/a><\/p>\n","protected":false},"author":1,"featured_media":0,"parent":0,"menu_order":0,"comment_status":"closed","ping_status":"closed","template":"","meta":[],"_links":{"self":[{"href":"https:\/\/www.rowa.co.at\/index.php?rest_route=\/wp\/v2\/pages\/28"}],"collection":[{"href":"https:\/\/www.rowa.co.at\/index.php?rest_route=\/wp\/v2\/pages"}],"about":[{"href":"https:\/\/www.rowa.co.at\/index.php?rest_route=\/wp\/v2\/types\/page"}],"author":[{"embeddable":true,"href":"https:\/\/www.rowa.co.at\/index.php?rest_route=\/wp\/v2\/users\/1"}],"replies":[{"embeddable":true,"href":"https:\/\/www.rowa.co.at\/index.php?rest_route=%2Fwp%2Fv2%2Fcomments&post=28"}],"version-history":[{"count":8,"href":"https:\/\/www.rowa.co.at\/index.php?rest_route=\/wp\/v2\/pages\/28\/revisions"}],"predecessor-version":[{"id":264,"href":"https:\/\/www.rowa.co.at\/index.php?rest_route=\/wp\/v2\/pages\/28\/revisions\/264"}],"wp:attachment":[{"href":"https:\/\/www.rowa.co.at\/index.php?rest_route=%2Fwp%2Fv2%2Fmedia&parent=28"}],"curies":[{"name":"wp","href":"https:\/\/api.w.org\/{rel}","templated":true}]}}